{"id":1148,"date":"2024-11-13T12:24:03","date_gmt":"2024-11-13T12:24:03","guid":{"rendered":"https:\/\/starsview.fi\/aktuellt\/"},"modified":"2024-11-21T09:06:28","modified_gmt":"2024-11-21T09:06:28","slug":"aktuellt","status":"publish","type":"page","link":"https:\/\/starsview.fi\/sv\/aktuellt\/","title":{"rendered":"Aktuellt"},"content":{"rendered":"\t\t<div data-elementor-type=\"wp-page\" data-elementor-id=\"1148\" class=\"elementor elementor-1148 elementor-1103\" data-elementor-post-type=\"page\">\n\t\t\t\t<div class=\"elementor-element elementor-element-4964f19 e-flex e-con-boxed e-con e-parent\" data-id=\"4964f19\" data-element_type=\"container\" data-e-type=\"container\">\n\t\t\t\t\t<div class=\"e-con-inner\">\n\t\t<div class=\"elementor-element elementor-element-b42d310 e-con-full e-flex e-con e-child\" data-id=\"b42d310\" data-element_type=\"container\" data-e-type=\"container\">\n\t\t\t\t<div class=\"elementor-element elementor-element-aeb136a elementor-widget elementor-widget-text-editor\" data-id=\"aeb136a\" data-element_type=\"widget\" data-e-type=\"widget\" data-widget_type=\"text-editor.default\">\n\t\t\t\t<div class=\"elementor-widget-container\">\n\t\t\t\t\t\t\t\t\t<p>Aktuellt<\/p>\n\t\t\t\t\t\t\t\t<\/div>\n\t\t\t\t<\/div>\n\t\t\t\t<\/div>\n\t\t\t\t\t<\/div>\n\t\t\t\t<\/div>\n\t\t<div class=\"elementor-element elementor-element-29e9ef0 e-flex e-con-boxed e-con e-parent\" data-id=\"29e9ef0\" data-element_type=\"container\" data-e-type=\"container\">\n\t\t\t\t\t<div class=\"e-con-inner\">\n\t\t\t\t<div class=\"elementor-element elementor-element-c127701 elementor-grid-3 elementor-grid-tablet-2 elementor-grid-mobile-1 elementor-posts--thumbnail-top elementor-widget elementor-widget-posts\" data-id=\"c127701\" data-element_type=\"widget\" data-e-type=\"widget\" data-settings=\"{&quot;classic_columns&quot;:&quot;3&quot;,&quot;classic_columns_tablet&quot;:&quot;2&quot;,&quot;classic_columns_mobile&quot;:&quot;1&quot;,&quot;classic_row_gap&quot;:{&quot;unit&quot;:&quot;px&quot;,&quot;size&quot;:35,&quot;sizes&quot;:[]},&quot;classic_row_gap_tablet&quot;:{&quot;unit&quot;:&quot;px&quot;,&quot;size&quot;:&quot;&quot;,&quot;sizes&quot;:[]},&quot;classic_row_gap_mobile&quot;:{&quot;unit&quot;:&quot;px&quot;,&quot;size&quot;:&quot;&quot;,&quot;sizes&quot;:[]}}\" data-widget_type=\"posts.classic\">\n\t\t\t\t<div class=\"elementor-widget-container\">\n\t\t\t\t\t\t\t<div class=\"elementor-posts-container elementor-posts elementor-posts--skin-classic elementor-grid\" role=\"list\">\n\t\t\t\t<article class=\"elementor-post elementor-grid-item post-1273 post type-post status-publish format-standard has-post-thumbnail hentry category-okategoriserad\" role=\"listitem\">\n\t\t\t\t<a class=\"elementor-post__thumbnail__link\" href=\"https:\/\/starsview.fi\/sv\/starsview-och-drone-harmony-samarbetar-for-att-revolutionera-sakerhetsmarknaden-med-automatiserad-overvakning\/\" tabindex=\"-1\" >\n\t\t\t<div class=\"elementor-post__thumbnail\"><img fetchpriority=\"high\" decoding=\"async\" width=\"800\" height=\"450\" src=\"https:\/\/starsview.fi\/wp-content\/uploads\/2025\/05\/Drone-Harmony-Drone-Guardian.jpg\" class=\"attachment-full size-full wp-image-1275\" alt=\"\" srcset=\"https:\/\/starsview.fi\/wp-content\/uploads\/2025\/05\/Drone-Harmony-Drone-Guardian.jpg 800w, https:\/\/starsview.fi\/wp-content\/uploads\/2025\/05\/Drone-Harmony-Drone-Guardian-300x169.jpg 300w, https:\/\/starsview.fi\/wp-content\/uploads\/2025\/05\/Drone-Harmony-Drone-Guardian-768x432.jpg 768w\" sizes=\"(max-width: 800px) 100vw, 800px\" \/><\/div>\n\t\t<\/a>\n\t\t\t\t<div class=\"elementor-post__text\">\n\t\t\t\t<h3 class=\"elementor-post__title\">\n\t\t\t<a href=\"https:\/\/starsview.fi\/sv\/starsview-och-drone-harmony-samarbetar-for-att-revolutionera-sakerhetsmarknaden-med-automatiserad-overvakning\/\" >\n\t\t\t\tStarsview och Drone Harmony samarbetar f\u00f6r att revolutionera s\u00e4kerhetsmarknaden med automatiserad \u00f6vervakning\t\t\t<\/a>\n\t\t<\/h3>\n\t\t\t\t<div class=\"elementor-post__meta-data\">\n\t\t\t\t\t<span class=\"elementor-post-date\">\n\t\t\tmaj 7, 2025\t\t<\/span>\n\t\t\t\t<\/div>\n\t\t\t\t<\/div>\n\t\t\t\t<\/article>\n\t\t\t\t<article class=\"elementor-post elementor-grid-item post-1241 post type-post status-publish format-standard has-post-thumbnail hentry category-okategoriserad\" role=\"listitem\">\n\t\t\t\t<a class=\"elementor-post__thumbnail__link\" href=\"https:\/\/starsview.fi\/sv\/drone-in-a-box-losningar\/\" tabindex=\"-1\" >\n\t\t\t<div class=\"elementor-post__thumbnail\"><img decoding=\"async\" width=\"1200\" height=\"846\" src=\"https:\/\/starsview.fi\/wp-content\/uploads\/2025\/01\/DJI-Dock.jpg\" class=\"attachment-full size-full wp-image-1245\" alt=\"DJI dock solutions drone-in-a-box automated drone operations\" srcset=\"https:\/\/starsview.fi\/wp-content\/uploads\/2025\/01\/DJI-Dock.jpg 1200w, https:\/\/starsview.fi\/wp-content\/uploads\/2025\/01\/DJI-Dock-300x212.jpg 300w, https:\/\/starsview.fi\/wp-content\/uploads\/2025\/01\/DJI-Dock-1024x722.jpg 1024w, https:\/\/starsview.fi\/wp-content\/uploads\/2025\/01\/DJI-Dock-768x541.jpg 768w\" sizes=\"(max-width: 1200px) 100vw, 1200px\" \/><\/div>\n\t\t<\/a>\n\t\t\t\t<div class=\"elementor-post__text\">\n\t\t\t\t<h3 class=\"elementor-post__title\">\n\t\t\t<a href=\"https:\/\/starsview.fi\/sv\/drone-in-a-box-losningar\/\" >\n\t\t\t\tDrone-in-a-box-l\u00f6sningar &#8211; autonoma inspektioner och \u00f6vervakning med dr\u00f6nare\t\t\t<\/a>\n\t\t<\/h3>\n\t\t\t\t<div class=\"elementor-post__meta-data\">\n\t\t\t\t\t<span class=\"elementor-post-date\">\n\t\t\tjanuari 28, 2025\t\t<\/span>\n\t\t\t\t<\/div>\n\t\t\t\t<\/div>\n\t\t\t\t<\/article>\n\t\t\t\t<article class=\"elementor-post elementor-grid-item post-1233 post type-post status-publish format-standard has-post-thumbnail hentry category-okategoriserad\" role=\"listitem\">\n\t\t\t\t<a class=\"elementor-post__thumbnail__link\" href=\"https:\/\/starsview.fi\/sv\/lyft-industriella-inspektioner-och-overvakning-till-nya-hojder-med-kostnadseffektiva-dronarlosningar\/\" tabindex=\"-1\" >\n\t\t\t<div class=\"elementor-post__thumbnail\"><img decoding=\"async\" width=\"2560\" height=\"1707\" src=\"https:\/\/starsview.fi\/wp-content\/uploads\/2023\/10\/Starsview_DroneOperator_2.jpg\" class=\"attachment-full size-full wp-image-937\" alt=\"drone tarkastukset teollisuudelle\" srcset=\"https:\/\/starsview.fi\/wp-content\/uploads\/2023\/10\/Starsview_DroneOperator_2.jpg 2560w, https:\/\/starsview.fi\/wp-content\/uploads\/2023\/10\/Starsview_DroneOperator_2-300x200.jpg 300w, https:\/\/starsview.fi\/wp-content\/uploads\/2023\/10\/Starsview_DroneOperator_2-1024x683.jpg 1024w, https:\/\/starsview.fi\/wp-content\/uploads\/2023\/10\/Starsview_DroneOperator_2-768x512.jpg 768w, https:\/\/starsview.fi\/wp-content\/uploads\/2023\/10\/Starsview_DroneOperator_2-1536x1024.jpg 1536w, https:\/\/starsview.fi\/wp-content\/uploads\/2023\/10\/Starsview_DroneOperator_2-2048x1366.jpg 2048w\" sizes=\"(max-width: 2560px) 100vw, 2560px\" \/><\/div>\n\t\t<\/a>\n\t\t\t\t<div class=\"elementor-post__text\">\n\t\t\t\t<h3 class=\"elementor-post__title\">\n\t\t\t<a href=\"https:\/\/starsview.fi\/sv\/lyft-industriella-inspektioner-och-overvakning-till-nya-hojder-med-kostnadseffektiva-dronarlosningar\/\" >\n\t\t\t\tLyft industriella inspektioner och \u00f6vervakning till nya h\u00f6jder med kostnadseffektiva dr\u00f6narl\u00f6sningar\t\t\t<\/a>\n\t\t<\/h3>\n\t\t\t\t<div class=\"elementor-post__meta-data\">\n\t\t\t\t\t<span class=\"elementor-post-date\">\n\t\t\tdecember 20, 2024\t\t<\/span>\n\t\t\t\t<\/div>\n\t\t\t\t<\/div>\n\t\t\t\t<\/article>\n\t\t\t\t<article class=\"elementor-post elementor-grid-item post-1218 post type-post status-publish format-standard has-post-thumbnail hentry category-okategoriserad tag-iso-14001 tag-iso-9001 tag-kvalitetscertifiering tag-laatusertifiointi tag-miljocertifiering tag-ymparistosertifiointi\" role=\"listitem\">\n\t\t\t\t<a class=\"elementor-post__thumbnail__link\" href=\"https:\/\/starsview.fi\/sv\/arbete-med-kvalitet-och-miljoansvar-intygades-med-iso-9001-och-iso-14001-certifiering\/\" tabindex=\"-1\" >\n\t\t\t<div class=\"elementor-post__thumbnail\"><img loading=\"lazy\" decoding=\"async\" width=\"1182\" height=\"426\" src=\"https:\/\/starsview.fi\/wp-content\/uploads\/2024\/11\/BVCER_SansQR-ISO-9001-14001-BW.png\" class=\"attachment-full size-full wp-image-1219\" alt=\"Starsview ISO 9001 ISO 14001\" srcset=\"https:\/\/starsview.fi\/wp-content\/uploads\/2024\/11\/BVCER_SansQR-ISO-9001-14001-BW.png 1182w, https:\/\/starsview.fi\/wp-content\/uploads\/2024\/11\/BVCER_SansQR-ISO-9001-14001-BW-300x108.png 300w, https:\/\/starsview.fi\/wp-content\/uploads\/2024\/11\/BVCER_SansQR-ISO-9001-14001-BW-1024x369.png 1024w, https:\/\/starsview.fi\/wp-content\/uploads\/2024\/11\/BVCER_SansQR-ISO-9001-14001-BW-768x277.png 768w\" sizes=\"(max-width: 1182px) 100vw, 1182px\" \/><\/div>\n\t\t<\/a>\n\t\t\t\t<div class=\"elementor-post__text\">\n\t\t\t\t<h3 class=\"elementor-post__title\">\n\t\t\t<a href=\"https:\/\/starsview.fi\/sv\/arbete-med-kvalitet-och-miljoansvar-intygades-med-iso-9001-och-iso-14001-certifiering\/\" >\n\t\t\t\tStarsviews arbete med kvalitet och milj\u00f6ansvar intygades med ISO 9001- och ISO 14001-certifiering\u00a0\u00a0\t\t\t<\/a>\n\t\t<\/h3>\n\t\t\t\t<div class=\"elementor-post__meta-data\">\n\t\t\t\t\t<span class=\"elementor-post-date\">\n\t\t\tnovember 28, 2024\t\t<\/span>\n\t\t\t\t<\/div>\n\t\t\t\t<\/div>\n\t\t\t\t<\/article>\n\t\t\t\t<article class=\"elementor-post elementor-grid-item post-1126 post type-post status-publish format-standard has-post-thumbnail hentry category-okategoriserad\" role=\"listitem\">\n\t\t\t\t<a class=\"elementor-post__thumbnail__link\" href=\"https:\/\/starsview.fi\/sv\/partnership\/\" tabindex=\"-1\" >\n\t\t\t<div class=\"elementor-post__thumbnail\"><img loading=\"lazy\" decoding=\"async\" width=\"880\" height=\"489\" src=\"https:\/\/starsview.fi\/wp-content\/uploads\/2024\/11\/Starsview_Terra-Inspectioneering-Finland_artikkelikuva_11-24.jpg\" class=\"attachment-full size-full wp-image-1165\" alt=\"Starsview_Terra Inspectioneering Finland_artikkelikuva_11-24\" srcset=\"https:\/\/starsview.fi\/wp-content\/uploads\/2024\/11\/Starsview_Terra-Inspectioneering-Finland_artikkelikuva_11-24.jpg 880w, https:\/\/starsview.fi\/wp-content\/uploads\/2024\/11\/Starsview_Terra-Inspectioneering-Finland_artikkelikuva_11-24-300x167.jpg 300w, https:\/\/starsview.fi\/wp-content\/uploads\/2024\/11\/Starsview_Terra-Inspectioneering-Finland_artikkelikuva_11-24-768x427.jpg 768w\" sizes=\"(max-width: 880px) 100vw, 880px\" \/><\/div>\n\t\t<\/a>\n\t\t\t\t<div class=\"elementor-post__text\">\n\t\t\t\t<h3 class=\"elementor-post__title\">\n\t\t\t<a href=\"https:\/\/starsview.fi\/sv\/partnership\/\" >\n\t\t\t\tTerra Inspectioneering Finland Oy och Starsview Oy har ing\u00e5tt ett strategiskt partnerskap\u00a0\u00a0\t\t\t<\/a>\n\t\t<\/h3>\n\t\t\t\t<div class=\"elementor-post__meta-data\">\n\t\t\t\t\t<span class=\"elementor-post-date\">\n\t\t\tnovember 13, 2024\t\t<\/span>\n\t\t\t\t<\/div>\n\t\t\t\t<\/div>\n\t\t\t\t<\/article>\n\t\t\t\t<\/div>\n\t\t\n\t\t\t\t\t\t<\/div>\n\t\t\t\t<\/div>\n\t\t\t\t\t<\/div>\n\t\t\t\t<\/div>\n\t\t\t\t<\/div>\n\t\t","protected":false},"excerpt":{"rendered":"<p>Aktuellt<\/p>\n","protected":false},"author":1,"featured_media":0,"parent":0,"menu_order":0,"comment_status":"closed","ping_status":"closed","template":"","meta":{"footnotes":""},"class_list":["post-1148","page","type-page","status-publish","hentry"],"_links":{"self":[{"href":"https:\/\/starsview.fi\/sv\/wp-json\/wp\/v2\/pages\/1148","targetHints":{"allow":["GET"]}}],"collection":[{"href":"https:\/\/starsview.fi\/sv\/wp-json\/wp\/v2\/pages"}],"about":[{"href":"https:\/\/starsview.fi\/sv\/wp-json\/wp\/v2\/types\/page"}],"author":[{"embeddable":true,"href":"https:\/\/starsview.fi\/sv\/wp-json\/wp\/v2\/users\/1"}],"replies":[{"embeddable":true,"href":"https:\/\/starsview.fi\/sv\/wp-json\/wp\/v2\/comments?post=1148"}],"version-history":[{"count":4,"href":"https:\/\/starsview.fi\/sv\/wp-json\/wp\/v2\/pages\/1148\/revisions"}],"predecessor-version":[{"id":1207,"href":"https:\/\/starsview.fi\/sv\/wp-json\/wp\/v2\/pages\/1148\/revisions\/1207"}],"wp:attachment":[{"href":"https:\/\/starsview.fi\/sv\/wp-json\/wp\/v2\/media?parent=1148"}],"curies":[{"name":"wp","href":"https:\/\/api.w.org\/{rel}","templated":true}]}}