{"id":976,"date":"2023-10-09T09:45:56","date_gmt":"2023-10-09T09:45:56","guid":{"rendered":"https:\/\/starsview.fi\/ota-yhteytta\/"},"modified":"2025-10-22T11:16:43","modified_gmt":"2025-10-22T11:16:43","slug":"ota-yhteytta","status":"publish","type":"page","link":"https:\/\/starsview.fi\/fi\/ota-yhteytta\/","title":{"rendered":"Ota yhteytt\u00e4"},"content":{"rendered":"\t\t<div data-elementor-type=\"wp-page\" data-elementor-id=\"976\" class=\"elementor elementor-976 elementor-224\" data-elementor-post-type=\"page\">\n\t\t\t\t<div class=\"elementor-element elementor-element-b10a9b1 e-flex e-con-boxed e-con e-parent\" data-id=\"b10a9b1\" data-element_type=\"container\" data-e-type=\"container\" data-settings=\"{&quot;background_background&quot;:&quot;classic&quot;}\">\n\t\t\t\t\t<div class=\"e-con-inner\">\n\t\t<div class=\"elementor-element elementor-element-5f80244 e-con-full e-flex e-con e-child\" data-id=\"5f80244\" data-element_type=\"container\" data-e-type=\"container\">\n\t\t\t\t<div class=\"elementor-element elementor-element-8484a2d elementor-widget elementor-widget-text-editor\" data-id=\"8484a2d\" data-element_type=\"widget\" data-e-type=\"widget\" data-widget_type=\"text-editor.default\">\n\t\t\t\t<div class=\"elementor-widget-container\">\n\t\t\t\t\t\t\t\t\t<p>Ota yhteytt\u00e4<\/p>\t\t\t\t\t\t\t\t<\/div>\n\t\t\t\t<\/div>\n\t\t\t\t<\/div>\n\t\t<div class=\"elementor-element elementor-element-9590929 e-con-full e-flex e-con e-child\" data-id=\"9590929\" data-element_type=\"container\" data-e-type=\"container\">\n\t\t\t\t<div class=\"elementor-element elementor-element-3b58005 elementor-widget elementor-widget-text-editor\" data-id=\"3b58005\" data-element_type=\"widget\" data-e-type=\"widget\" data-widget_type=\"text-editor.default\">\n\t\t\t\t<div class=\"elementor-widget-container\">\n\t\t\t\t\t\t\t\t\t<p>Oletko valmis tutkimaan droneteknologian loputtomia mahdollisuuksia kanssamme? <strong>Ota yhteytt\u00e4 t\u00e4n\u00e4\u00e4n<\/strong>, niin keskustellaan siit\u00e4, miten voimme r\u00e4\u00e4t\u00e4l\u00f6id\u00e4 drone-palvelumme vastaamaan ainutlaatuisia tarpeitasi. Yhdess\u00e4 uudistamme mahdollisuuksien rajat ja viemme yrityksesi tai projektisi uusiin korkeuksiin!<\/p><p>\u00c4l\u00e4 j\u00e4\u00e4 paitsi droneteknologian eduista. Liity tulevaisuuteen Starsviewin kanssa &#8211; Johtavana Dronipalvelujen Tarjoajana.<\/p>\t\t\t\t\t\t\t\t<\/div>\n\t\t\t\t<\/div>\n\t\t\t\t<\/div>\n\t\t\t\t\t<\/div>\n\t\t\t\t<\/div>\n\t\t<div class=\"elementor-element elementor-element-67d06ce e-flex e-con-boxed e-con e-parent\" data-id=\"67d06ce\" data-element_type=\"container\" data-e-type=\"container\">\n\t\t\t\t\t<div class=\"e-con-inner\">\n\t\t<div class=\"elementor-element elementor-element-dba83b3 e-con-full e-flex e-con e-child\" data-id=\"dba83b3\" data-element_type=\"container\" data-e-type=\"container\">\n\t\t\t\t<div class=\"elementor-element elementor-element-6aad17a elementor-widget elementor-widget-text-editor\" data-id=\"6aad17a\" data-element_type=\"widget\" data-e-type=\"widget\" data-widget_type=\"text-editor.default\">\n\t\t\t\t<div class=\"elementor-widget-container\">\n\t\t\t\t\t\t\t\t\t<p>Ota yhteytt\u00e4 tai k\u00e4yt\u00e4<br>alla olevaa lomaketta<\/p>\t\t\t\t\t\t\t\t<\/div>\n\t\t\t\t<\/div>\n\t\t\t\t<div class=\"elementor-element elementor-element-ec55f52 elementor-button-align-stretch elementor-widget elementor-widget-form\" data-id=\"ec55f52\" data-element_type=\"widget\" data-e-type=\"widget\" data-settings=\"{&quot;step_next_label&quot;:&quot;Seuraava&quot;,&quot;step_previous_label&quot;:&quot;Edellinen&quot;,&quot;button_width&quot;:&quot;100&quot;,&quot;step_type&quot;:&quot;number_text&quot;,&quot;step_icon_shape&quot;:&quot;circle&quot;}\" data-widget_type=\"form.default\">\n\t\t\t\t<div class=\"elementor-widget-container\">\n\t\t\t\t\t\t\t<form class=\"elementor-form\" method=\"post\" name=\"Starsview - Contact form\" aria-label=\"Starsview - Contact form\">\n\t\t\t<input type=\"hidden\" name=\"post_id\" value=\"976\"\/>\n\t\t\t<input type=\"hidden\" name=\"form_id\" value=\"ec55f52\"\/>\n\t\t\t<input type=\"hidden\" name=\"referer_title\" value=\"\" \/>\n\n\t\t\t\n\t\t\t<div class=\"elementor-form-fields-wrapper elementor-labels-above\">\n\t\t\t\t\t\t\t\t<div class=\"elementor-field-type-text elementor-field-group elementor-column elementor-field-group-fullname elementor-col-50 elementor-field-required elementor-mark-required\">\n\t\t\t\t\t\t\t\t\t\t\t\t<label for=\"form-field-fullname\" class=\"elementor-field-label\">\n\t\t\t\t\t\t\t\tNimesi\t\t\t\t\t\t\t<\/label>\n\t\t\t\t\t\t\t\t\t\t\t\t\t\t<input size=\"1\" type=\"text\" name=\"form_fields[fullname]\" id=\"form-field-fullname\" class=\"elementor-field elementor-size-sm  elementor-field-textual\" placeholder=\"Kirjoita koko nimesi t\u00e4h\u00e4n...\" required=\"required\">\n\t\t\t\t\t\t\t\t\t\t\t<\/div>\n\t\t\t\t\t\t\t\t<div class=\"elementor-field-type-email elementor-field-group elementor-column elementor-field-group-email elementor-col-50 elementor-field-required elementor-mark-required\">\n\t\t\t\t\t\t\t\t\t\t\t\t<label for=\"form-field-email\" class=\"elementor-field-label\">\n\t\t\t\t\t\t\t\tS\u00e4hk\u00f6postiosoitteesi\t\t\t\t\t\t\t<\/label>\n\t\t\t\t\t\t\t\t\t\t\t\t\t\t<input size=\"1\" type=\"email\" name=\"form_fields[email]\" id=\"form-field-email\" class=\"elementor-field elementor-size-sm  elementor-field-textual\" placeholder=\"Kirjoita s\u00e4hk\u00f6postiosoitteesi t\u00e4h\u00e4n...\" required=\"required\">\n\t\t\t\t\t\t\t\t\t\t\t<\/div>\n\t\t\t\t\t\t\t\t<div class=\"elementor-field-type-tel elementor-field-group elementor-column elementor-field-group-phone elementor-col-50\">\n\t\t\t\t\t\t\t\t\t\t\t\t<label for=\"form-field-phone\" class=\"elementor-field-label\">\n\t\t\t\t\t\t\t\tPuhelinnumerosi\t\t\t\t\t\t\t<\/label>\n\t\t\t\t\t\t\t\t<input size=\"1\" type=\"tel\" name=\"form_fields[phone]\" id=\"form-field-phone\" class=\"elementor-field elementor-size-sm  elementor-field-textual\" placeholder=\"Kirjoita puhelinnumerosi t\u00e4h\u00e4n...\" pattern=\"[0-9()#&amp;+*-=.]+\" title=\"Only numbers and phone characters (#, -, *, etc) are accepted.\">\n\n\t\t\t\t\t\t<\/div>\n\t\t\t\t\t\t\t\t<div class=\"elementor-field-type-text elementor-field-group elementor-column elementor-field-group-company elementor-col-50\">\n\t\t\t\t\t\t\t\t\t\t\t\t<label for=\"form-field-company\" class=\"elementor-field-label\">\n\t\t\t\t\t\t\t\tYrityksesi\t\t\t\t\t\t\t<\/label>\n\t\t\t\t\t\t\t\t\t\t\t\t\t\t<input size=\"1\" type=\"text\" name=\"form_fields[company]\" id=\"form-field-company\" class=\"elementor-field elementor-size-sm  elementor-field-textual\" placeholder=\"Kirjoita yrityksesi nimi t\u00e4h\u00e4n...\">\n\t\t\t\t\t\t\t\t\t\t\t<\/div>\n\t\t\t\t\t\t\t\t<div class=\"elementor-field-type-select elementor-field-group elementor-column elementor-field-group-contact elementor-col-100\">\n\t\t\t\t\t\t\t\t\t\t\t\t<label for=\"form-field-contact\" class=\"elementor-field-label\">\n\t\t\t\t\t\t\t\tMiten haluat meid\u00e4n ottaa sinuun yhteytt\u00e4?\t\t\t\t\t\t\t<\/label>\n\t\t\t\t\t\t\t\t<div class=\"elementor-field elementor-select-wrapper remove-before \">\n\t\t\t<div class=\"select-caret-down-wrapper\">\n\t\t\t\t<i aria-hidden=\"true\" class=\"eicon-caret-down\"><\/i>\t\t\t<\/div>\n\t\t\t<select name=\"form_fields[contact]\" id=\"form-field-contact\" class=\"elementor-field-textual elementor-size-sm\">\n\t\t\t\t\t\t\t\t\t<option value=\"S\u00e4hk\u00f6postitse\">S\u00e4hk\u00f6postitse<\/option>\n\t\t\t\t\t\t\t\t\t<option value=\"Puhelimitse\">Puhelimitse<\/option>\n\t\t\t\t\t\t\t\t\t<option value=\"Tekstiviestill\u00e4\">Tekstiviestill\u00e4<\/option>\n\t\t\t\t\t\t\t<\/select>\n\t\t<\/div>\n\t\t\t\t\t\t<\/div>\n\t\t\t\t\t\t\t\t<div class=\"elementor-field-type-textarea elementor-field-group elementor-column elementor-field-group-message elementor-col-100\">\n\t\t\t\t\t\t\t\t\t\t\t\t<label for=\"form-field-message\" class=\"elementor-field-label\">\n\t\t\t\t\t\t\t\tViestisi\t\t\t\t\t\t\t<\/label>\n\t\t\t\t\t\t<textarea class=\"elementor-field-textual elementor-field  elementor-size-sm\" name=\"form_fields[message]\" id=\"form-field-message\" rows=\"4\" placeholder=\"Kirjoita viestisi t\u00e4h\u00e4n...\"><\/textarea>\t\t\t\t<\/div>\n\t\t\t\t\t\t\t\t<div class=\"elementor-field-type-recaptcha_v3 elementor-field-group elementor-column elementor-field-group-captcha elementor-col-100 recaptcha_v3-bottomright\">\n\t\t\t\t\t<div class=\"elementor-field\" id=\"form-field-captcha\"><div class=\"elementor-g-recaptcha\" data-sitekey=\"6Le6DoooAAAAAL6QmSR7U9_8hPP0r_vKOwlX9ERR\" data-type=\"v3\" data-action=\"Form\" data-badge=\"bottomright\" data-size=\"invisible\"><\/div><\/div>\t\t\t\t<\/div>\n\t\t\t\t\t\t\t\t<div class=\"elementor-field-group elementor-column elementor-field-type-submit elementor-col-100 e-form__buttons\">\n\t\t\t\t\t<button class=\"elementor-button elementor-size-sm\" type=\"submit\">\n\t\t\t\t\t\t<span class=\"elementor-button-content-wrapper\">\n\t\t\t\t\t\t\t\t\t\t\t\t\t\t\t\t\t\t\t\t\t\t<span class=\"elementor-button-text\">L\u00e4het\u00e4 viestisi<\/span>\n\t\t\t\t\t\t\t\t\t\t\t\t\t<\/span>\n\t\t\t\t\t<\/button>\n\t\t\t\t<\/div>\n\t\t\t<\/div>\n\t\t<\/form>\n\t\t\t\t\t\t<\/div>\n\t\t\t\t<\/div>\n\t\t\t\t<\/div>\n\t\t<div class=\"elementor-element elementor-element-f8cd489 e-con-full e-flex e-con e-child\" data-id=\"f8cd489\" data-element_type=\"container\" data-e-type=\"container\">\n\t\t<div class=\"elementor-element elementor-element-8c1c871 e-con-full e-flex e-con e-child\" data-id=\"8c1c871\" data-element_type=\"container\" data-e-type=\"container\">\n\t\t\t\t<div class=\"elementor-element elementor-element-a9c611a elementor-widget elementor-widget-image\" data-id=\"a9c611a\" data-element_type=\"widget\" data-e-type=\"widget\" data-widget_type=\"image.default\">\n\t\t\t\t<div class=\"elementor-widget-container\">\n\t\t\t\t\t\t\t\t\t\t\t\t\t\t\t<img fetchpriority=\"high\" decoding=\"async\" width=\"800\" height=\"800\" src=\"https:\/\/starsview.fi\/wp-content\/uploads\/2025\/06\/Starsview_BenBergman-1.webp\" class=\"attachment-large size-large wp-image-1318\" alt=\"Starsview_BenBergman\" srcset=\"https:\/\/starsview.fi\/wp-content\/uploads\/2025\/06\/Starsview_BenBergman-1.webp 1000w, https:\/\/starsview.fi\/wp-content\/uploads\/2025\/06\/Starsview_BenBergman-1-300x300.webp 300w, https:\/\/starsview.fi\/wp-content\/uploads\/2025\/06\/Starsview_BenBergman-1-150x150.webp 150w, https:\/\/starsview.fi\/wp-content\/uploads\/2025\/06\/Starsview_BenBergman-1-768x768.webp 768w\" sizes=\"(max-width: 800px) 100vw, 800px\" \/>\t\t\t\t\t\t\t\t\t\t\t\t\t\t\t<\/div>\n\t\t\t\t<\/div>\n\t\t\t\t<div class=\"elementor-element elementor-element-c00e734 elementor-widget elementor-widget-text-editor\" data-id=\"c00e734\" data-element_type=\"widget\" data-e-type=\"widget\" data-widget_type=\"text-editor.default\">\n\t\t\t\t<div class=\"elementor-widget-container\">\n\t\t\t\t\t\t\t\t\t<p>Ben Bergman<br><strong><em>TJ<\/em><\/strong><\/p>\t\t\t\t\t\t\t\t<\/div>\n\t\t\t\t<\/div>\n\t\t\t\t<div class=\"elementor-element elementor-element-6e19626 elementor-icon-list--layout-traditional elementor-list-item-link-full_width elementor-widget elementor-widget-icon-list\" data-id=\"6e19626\" data-element_type=\"widget\" data-e-type=\"widget\" data-widget_type=\"icon-list.default\">\n\t\t\t\t<div class=\"elementor-widget-container\">\n\t\t\t\t\t\t\t<ul class=\"elementor-icon-list-items\">\n\t\t\t\t\t\t\t<li class=\"elementor-icon-list-item\">\n\t\t\t\t\t\t\t\t\t\t\t<span class=\"elementor-icon-list-icon\">\n\t\t\t\t\t\t\t<i aria-hidden=\"true\" class=\"fas fa-envelope\"><\/i>\t\t\t\t\t\t<\/span>\n\t\t\t\t\t\t\t\t\t\t<span class=\"elementor-icon-list-text\">ben.bergman@starsview.fi<\/span>\n\t\t\t\t\t\t\t\t\t<\/li>\n\t\t\t\t\t\t\t\t<li class=\"elementor-icon-list-item\">\n\t\t\t\t\t\t\t\t\t\t\t<span class=\"elementor-icon-list-icon\">\n\t\t\t\t\t\t\t<i aria-hidden=\"true\" class=\"fas fa-phone-alt\"><\/i>\t\t\t\t\t\t<\/span>\n\t\t\t\t\t\t\t\t\t\t<span class=\"elementor-icon-list-text\">+358(0)20 730 5737<\/span>\n\t\t\t\t\t\t\t\t\t<\/li>\n\t\t\t\t\t\t<\/ul>\n\t\t\t\t\t\t<\/div>\n\t\t\t\t<\/div>\n\t\t\t\t<\/div>\n\t\t\t\t<\/div>\n\t\t\t\t\t<\/div>\n\t\t\t\t<\/div>\n\t\t\t\t<\/div>\n\t\t","protected":false},"excerpt":{"rendered":"<p>Ota yhteytt\u00e4 Oletko valmis tutkimaan droneteknologian loputtomia mahdollisuuksia kanssamme? Ota yhteytt\u00e4 t\u00e4n\u00e4\u00e4n, niin keskustellaan siit\u00e4, miten voimme r\u00e4\u00e4t\u00e4l\u00f6id\u00e4 drone-palvelumme vastaamaan ainutlaatuisia tarpeitasi. Yhdess\u00e4 uudistamme mahdollisuuksien rajat ja viemme yrityksesi tai projektisi uusiin korkeuksiin! \u00c4l\u00e4 j\u00e4\u00e4 paitsi droneteknologian eduista. Liity tulevaisuuteen Starsviewin kanssa &#8211; Johtavana Dronipalvelujen Tarjoajana. Ota yhteytt\u00e4 tai k\u00e4yt\u00e4alla olevaa lomaketta Ben BergmanTJ ben.bergman@starsview.fi [&hellip;]<\/p>\n","protected":false},"author":1,"featured_media":0,"parent":0,"menu_order":0,"comment_status":"closed","ping_status":"closed","template":"elementor_header_footer","meta":{"footnotes":""},"class_list":["post-976","page","type-page","status-publish","hentry"],"_links":{"self":[{"href":"https:\/\/starsview.fi\/fi\/wp-json\/wp\/v2\/pages\/976","targetHints":{"allow":["GET"]}}],"collection":[{"href":"https:\/\/starsview.fi\/fi\/wp-json\/wp\/v2\/pages"}],"about":[{"href":"https:\/\/starsview.fi\/fi\/wp-json\/wp\/v2\/types\/page"}],"author":[{"embeddable":true,"href":"https:\/\/starsview.fi\/fi\/wp-json\/wp\/v2\/users\/1"}],"replies":[{"embeddable":true,"href":"https:\/\/starsview.fi\/fi\/wp-json\/wp\/v2\/comments?post=976"}],"version-history":[{"count":13,"href":"https:\/\/starsview.fi\/fi\/wp-json\/wp\/v2\/pages\/976\/revisions"}],"predecessor-version":[{"id":1345,"href":"https:\/\/starsview.fi\/fi\/wp-json\/wp\/v2\/pages\/976\/revisions\/1345"}],"wp:attachment":[{"href":"https:\/\/starsview.fi\/fi\/wp-json\/wp\/v2\/media?parent=976"}],"curies":[{"name":"wp","href":"https:\/\/api.w.org\/{rel}","templated":true}]}}