{"id":1146,"date":"2024-11-13T12:24:03","date_gmt":"2024-11-13T12:24:03","guid":{"rendered":"https:\/\/starsview.fi\/uutisia\/"},"modified":"2024-11-21T09:03:41","modified_gmt":"2024-11-21T09:03:41","slug":"uutisia","status":"publish","type":"page","link":"https:\/\/starsview.fi\/fi\/uutisia\/","title":{"rendered":"Uutisia"},"content":{"rendered":"\t\t<div data-elementor-type=\"wp-page\" data-elementor-id=\"1146\" class=\"elementor elementor-1146 elementor-1103\" data-elementor-post-type=\"page\">\n\t\t\t\t<div class=\"elementor-element elementor-element-4964f19 e-flex e-con-boxed e-con e-parent\" data-id=\"4964f19\" data-element_type=\"container\" data-e-type=\"container\">\n\t\t\t\t\t<div class=\"e-con-inner\">\n\t\t<div class=\"elementor-element elementor-element-b42d310 e-con-full e-flex e-con e-child\" data-id=\"b42d310\" data-element_type=\"container\" data-e-type=\"container\">\n\t\t\t\t<div class=\"elementor-element elementor-element-aeb136a elementor-widget elementor-widget-text-editor\" data-id=\"aeb136a\" data-element_type=\"widget\" data-e-type=\"widget\" data-widget_type=\"text-editor.default\">\n\t\t\t\t<div class=\"elementor-widget-container\">\n\t\t\t\t\t\t\t\t\t<p>Uutisia<\/p>\n\t\t\t\t\t\t\t\t<\/div>\n\t\t\t\t<\/div>\n\t\t\t\t<\/div>\n\t\t\t\t\t<\/div>\n\t\t\t\t<\/div>\n\t\t<div class=\"elementor-element elementor-element-29e9ef0 e-flex e-con-boxed e-con e-parent\" data-id=\"29e9ef0\" data-element_type=\"container\" data-e-type=\"container\">\n\t\t\t\t\t<div class=\"e-con-inner\">\n\t\t\t\t<div class=\"elementor-element elementor-element-5dfad1c elementor-grid-3 elementor-grid-tablet-2 elementor-grid-mobile-1 elementor-posts--thumbnail-top elementor-widget elementor-widget-posts\" data-id=\"5dfad1c\" data-element_type=\"widget\" data-e-type=\"widget\" data-settings=\"{&quot;classic_row_gap&quot;:{&quot;unit&quot;:&quot;px&quot;,&quot;size&quot;:39,&quot;sizes&quot;:[]},&quot;classic_columns&quot;:&quot;3&quot;,&quot;classic_columns_tablet&quot;:&quot;2&quot;,&quot;classic_columns_mobile&quot;:&quot;1&quot;,&quot;classic_row_gap_tablet&quot;:{&quot;unit&quot;:&quot;px&quot;,&quot;size&quot;:&quot;&quot;,&quot;sizes&quot;:[]},&quot;classic_row_gap_mobile&quot;:{&quot;unit&quot;:&quot;px&quot;,&quot;size&quot;:&quot;&quot;,&quot;sizes&quot;:[]}}\" data-widget_type=\"posts.classic\">\n\t\t\t\t<div class=\"elementor-widget-container\">\n\t\t\t\t\t\t\t<div class=\"elementor-posts-container elementor-posts elementor-posts--skin-classic elementor-grid\" role=\"list\">\n\t\t\t\t<article class=\"elementor-post elementor-grid-item post-1281 post type-post status-publish format-standard has-post-thumbnail hentry category-uncategorized-fi\" role=\"listitem\">\n\t\t\t\t<a class=\"elementor-post__thumbnail__link\" href=\"https:\/\/starsview.fi\/fi\/starsview-ja-drone-harmony-mullistavat-turvallisuusmarkkinat-automatisoidulla-aluevalvonnalla\/\" tabindex=\"-1\" >\n\t\t\t<div class=\"elementor-post__thumbnail\"><img fetchpriority=\"high\" decoding=\"async\" width=\"800\" height=\"450\" src=\"https:\/\/starsview.fi\/wp-content\/uploads\/2025\/05\/Drone-Harmony-Drone-Guardian.jpg\" class=\"attachment-full size-full wp-image-1277\" alt=\"\" srcset=\"https:\/\/starsview.fi\/wp-content\/uploads\/2025\/05\/Drone-Harmony-Drone-Guardian.jpg 800w, https:\/\/starsview.fi\/wp-content\/uploads\/2025\/05\/Drone-Harmony-Drone-Guardian-300x169.jpg 300w, https:\/\/starsview.fi\/wp-content\/uploads\/2025\/05\/Drone-Harmony-Drone-Guardian-768x432.jpg 768w\" sizes=\"(max-width: 800px) 100vw, 800px\" \/><\/div>\n\t\t<\/a>\n\t\t\t\t<div class=\"elementor-post__text\">\n\t\t\t\t<h3 class=\"elementor-post__title\">\n\t\t\t<a href=\"https:\/\/starsview.fi\/fi\/starsview-ja-drone-harmony-mullistavat-turvallisuusmarkkinat-automatisoidulla-aluevalvonnalla\/\" >\n\t\t\t\tStarsview ja Drone Harmony mullistavat turvallisuusmarkkinat automatisoidulla aluevalvonnalla\t\t\t<\/a>\n\t\t<\/h3>\n\t\t\t\t<div class=\"elementor-post__meta-data\">\n\t\t\t\t\t<span class=\"elementor-post-date\">\n\t\t\t7 toukokuun, 2025\t\t<\/span>\n\t\t\t\t<\/div>\n\t\t\t\t<\/div>\n\t\t\t\t<\/article>\n\t\t\t\t<article class=\"elementor-post elementor-grid-item post-1251 post type-post status-publish format-standard has-post-thumbnail hentry category-uncategorized-fi\" role=\"listitem\">\n\t\t\t\t<a class=\"elementor-post__thumbnail__link\" href=\"https:\/\/starsview.fi\/fi\/drone-in-a-box-ratkaisut\/\" tabindex=\"-1\" >\n\t\t\t<div class=\"elementor-post__thumbnail\"><img decoding=\"async\" width=\"1200\" height=\"846\" src=\"https:\/\/starsview.fi\/wp-content\/uploads\/2025\/01\/DJI-Dock.jpg\" class=\"attachment-full size-full wp-image-1247\" alt=\"DJI dock solutions drone-in-a-box\" srcset=\"https:\/\/starsview.fi\/wp-content\/uploads\/2025\/01\/DJI-Dock.jpg 1200w, https:\/\/starsview.fi\/wp-content\/uploads\/2025\/01\/DJI-Dock-300x212.jpg 300w, https:\/\/starsview.fi\/wp-content\/uploads\/2025\/01\/DJI-Dock-1024x722.jpg 1024w, https:\/\/starsview.fi\/wp-content\/uploads\/2025\/01\/DJI-Dock-768x541.jpg 768w\" sizes=\"(max-width: 1200px) 100vw, 1200px\" \/><\/div>\n\t\t<\/a>\n\t\t\t\t<div class=\"elementor-post__text\">\n\t\t\t\t<h3 class=\"elementor-post__title\">\n\t\t\t<a href=\"https:\/\/starsview.fi\/fi\/drone-in-a-box-ratkaisut\/\" >\n\t\t\t\tDrone-in-a-box-ratkaisut \u2013 autonomiset tarkastukset ja valvonta droneilla\t\t\t<\/a>\n\t\t<\/h3>\n\t\t\t\t<div class=\"elementor-post__meta-data\">\n\t\t\t\t\t<span class=\"elementor-post-date\">\n\t\t\t28 tammikuun, 2025\t\t<\/span>\n\t\t\t\t<\/div>\n\t\t\t\t<\/div>\n\t\t\t\t<\/article>\n\t\t\t\t<article class=\"elementor-post elementor-grid-item post-1235 post type-post status-publish format-standard has-post-thumbnail hentry category-uncategorized-fi\" role=\"listitem\">\n\t\t\t\t<a class=\"elementor-post__thumbnail__link\" href=\"https:\/\/starsview.fi\/fi\/kustannustehokkailla-drone-ratkaisuilla-teollisuuden-tarkastus-ja-valvontatoimenpiteet-nousevat-uusiin-korkeuksiin\/\" tabindex=\"-1\" >\n\t\t\t<div class=\"elementor-post__thumbnail\"><img decoding=\"async\" width=\"2560\" height=\"1707\" src=\"https:\/\/starsview.fi\/wp-content\/uploads\/2023\/10\/Starsview_DroneOperator_2.jpg\" class=\"attachment-full size-full wp-image-936\" alt=\"drone tarkastukset teollisuudelle\" srcset=\"https:\/\/starsview.fi\/wp-content\/uploads\/2023\/10\/Starsview_DroneOperator_2.jpg 2560w, https:\/\/starsview.fi\/wp-content\/uploads\/2023\/10\/Starsview_DroneOperator_2-300x200.jpg 300w, https:\/\/starsview.fi\/wp-content\/uploads\/2023\/10\/Starsview_DroneOperator_2-1024x683.jpg 1024w, https:\/\/starsview.fi\/wp-content\/uploads\/2023\/10\/Starsview_DroneOperator_2-768x512.jpg 768w, https:\/\/starsview.fi\/wp-content\/uploads\/2023\/10\/Starsview_DroneOperator_2-1536x1024.jpg 1536w, https:\/\/starsview.fi\/wp-content\/uploads\/2023\/10\/Starsview_DroneOperator_2-2048x1366.jpg 2048w\" sizes=\"(max-width: 2560px) 100vw, 2560px\" \/><\/div>\n\t\t<\/a>\n\t\t\t\t<div class=\"elementor-post__text\">\n\t\t\t\t<h3 class=\"elementor-post__title\">\n\t\t\t<a href=\"https:\/\/starsview.fi\/fi\/kustannustehokkailla-drone-ratkaisuilla-teollisuuden-tarkastus-ja-valvontatoimenpiteet-nousevat-uusiin-korkeuksiin\/\" >\n\t\t\t\tKustannustehokkailla drone-ratkaisuilla teollisuuden tarkastus- ja valvontatoimenpiteet nousevat uusiin korkeuksiin\u00a0  \u00a0\t\t\t<\/a>\n\t\t<\/h3>\n\t\t\t\t<div class=\"elementor-post__meta-data\">\n\t\t\t\t\t<span class=\"elementor-post-date\">\n\t\t\t20 joulukuun, 2024\t\t<\/span>\n\t\t\t\t<\/div>\n\t\t\t\t<\/div>\n\t\t\t\t<\/article>\n\t\t\t\t<article class=\"elementor-post elementor-grid-item post-1223 post type-post status-publish format-standard has-post-thumbnail hentry category-uncategorized-fi tag-iso-14001-fi tag-iso-9001-fi tag-laatusertifiointi-fi tag-ymparistosertifiointi-fi\" role=\"listitem\">\n\t\t\t\t<a class=\"elementor-post__thumbnail__link\" href=\"https:\/\/starsview.fi\/fi\/starsviewin-tyo-laadun-ja-ymparistovastuun-parissa-sai-tunnustuksen-iso-9001-ja-iso-14001-sertifioinneilla\/\" tabindex=\"-1\" >\n\t\t\t<div class=\"elementor-post__thumbnail\"><img loading=\"lazy\" decoding=\"async\" width=\"1182\" height=\"426\" src=\"https:\/\/starsview.fi\/wp-content\/uploads\/2024\/11\/BVCER_SansQR-ISO-9001-14001-BW.png\" class=\"attachment-full size-full wp-image-1221\" alt=\"Starsview ISO 9001 ISO 14001\" srcset=\"https:\/\/starsview.fi\/wp-content\/uploads\/2024\/11\/BVCER_SansQR-ISO-9001-14001-BW.png 1182w, https:\/\/starsview.fi\/wp-content\/uploads\/2024\/11\/BVCER_SansQR-ISO-9001-14001-BW-300x108.png 300w, https:\/\/starsview.fi\/wp-content\/uploads\/2024\/11\/BVCER_SansQR-ISO-9001-14001-BW-1024x369.png 1024w, https:\/\/starsview.fi\/wp-content\/uploads\/2024\/11\/BVCER_SansQR-ISO-9001-14001-BW-768x277.png 768w\" sizes=\"(max-width: 1182px) 100vw, 1182px\" \/><\/div>\n\t\t<\/a>\n\t\t\t\t<div class=\"elementor-post__text\">\n\t\t\t\t<h3 class=\"elementor-post__title\">\n\t\t\t<a href=\"https:\/\/starsview.fi\/fi\/starsviewin-tyo-laadun-ja-ymparistovastuun-parissa-sai-tunnustuksen-iso-9001-ja-iso-14001-sertifioinneilla\/\" >\n\t\t\t\tStarsviewin ty\u00f6 laadun ja ymp\u00e4rist\u00f6vastuun parissa sai tunnustuksen ISO 9001- ja ISO 14001-sertifioinneilla\t\t\t<\/a>\n\t\t<\/h3>\n\t\t\t\t<div class=\"elementor-post__meta-data\">\n\t\t\t\t\t<span class=\"elementor-post-date\">\n\t\t\t28 marraskuun, 2024\t\t<\/span>\n\t\t\t\t<\/div>\n\t\t\t\t<\/div>\n\t\t\t\t<\/article>\n\t\t\t\t<article class=\"elementor-post elementor-grid-item post-1125 post type-post status-publish format-standard has-post-thumbnail hentry category-uncategorized-fi\" role=\"listitem\">\n\t\t\t\t<a class=\"elementor-post__thumbnail__link\" href=\"https:\/\/starsview.fi\/fi\/kumppanuus\/\" tabindex=\"-1\" >\n\t\t\t<div class=\"elementor-post__thumbnail\"><img loading=\"lazy\" decoding=\"async\" width=\"880\" height=\"489\" src=\"https:\/\/starsview.fi\/wp-content\/uploads\/2024\/11\/Starsview_Terra-Inspectioneering-Finland_artikkelikuva_11-24.jpg\" class=\"attachment-full size-full wp-image-1164\" alt=\"Starsview_Terra Inspectioneering Finland_artikkelikuva_11-24\" srcset=\"https:\/\/starsview.fi\/wp-content\/uploads\/2024\/11\/Starsview_Terra-Inspectioneering-Finland_artikkelikuva_11-24.jpg 880w, https:\/\/starsview.fi\/wp-content\/uploads\/2024\/11\/Starsview_Terra-Inspectioneering-Finland_artikkelikuva_11-24-300x167.jpg 300w, https:\/\/starsview.fi\/wp-content\/uploads\/2024\/11\/Starsview_Terra-Inspectioneering-Finland_artikkelikuva_11-24-768x427.jpg 768w\" sizes=\"(max-width: 880px) 100vw, 880px\" \/><\/div>\n\t\t<\/a>\n\t\t\t\t<div class=\"elementor-post__text\">\n\t\t\t\t<h3 class=\"elementor-post__title\">\n\t\t\t<a href=\"https:\/\/starsview.fi\/fi\/kumppanuus\/\" >\n\t\t\t\tTerra Inspectioneering Finland Oy ja Starsview Oy ovat solmineet strategisen kumppanuuden\t\t\t<\/a>\n\t\t<\/h3>\n\t\t\t\t<div class=\"elementor-post__meta-data\">\n\t\t\t\t\t<span class=\"elementor-post-date\">\n\t\t\t13 marraskuun, 2024\t\t<\/span>\n\t\t\t\t<\/div>\n\t\t\t\t<\/div>\n\t\t\t\t<\/article>\n\t\t\t\t<\/div>\n\t\t\n\t\t\t\t\t\t<\/div>\n\t\t\t\t<\/div>\n\t\t\t\t\t<\/div>\n\t\t\t\t<\/div>\n\t\t\t\t<\/div>\n\t\t","protected":false},"excerpt":{"rendered":"<p>Uutisia<\/p>\n","protected":false},"author":1,"featured_media":0,"parent":0,"menu_order":0,"comment_status":"closed","ping_status":"closed","template":"","meta":{"footnotes":""},"class_list":["post-1146","page","type-page","status-publish","hentry"],"_links":{"self":[{"href":"https:\/\/starsview.fi\/fi\/wp-json\/wp\/v2\/pages\/1146","targetHints":{"allow":["GET"]}}],"collection":[{"href":"https:\/\/starsview.fi\/fi\/wp-json\/wp\/v2\/pages"}],"about":[{"href":"https:\/\/starsview.fi\/fi\/wp-json\/wp\/v2\/types\/page"}],"author":[{"embeddable":true,"href":"https:\/\/starsview.fi\/fi\/wp-json\/wp\/v2\/users\/1"}],"replies":[{"embeddable":true,"href":"https:\/\/starsview.fi\/fi\/wp-json\/wp\/v2\/comments?post=1146"}],"version-history":[{"count":4,"href":"https:\/\/starsview.fi\/fi\/wp-json\/wp\/v2\/pages\/1146\/revisions"}],"predecessor-version":[{"id":1203,"href":"https:\/\/starsview.fi\/fi\/wp-json\/wp\/v2\/pages\/1146\/revisions\/1203"}],"wp:attachment":[{"href":"https:\/\/starsview.fi\/fi\/wp-json\/wp\/v2\/media?parent=1146"}],"curies":[{"name":"wp","href":"https:\/\/api.w.org\/{rel}","templated":true}]}}